{"id":264,"date":"2024-07-26T16:50:10","date_gmt":"2024-07-26T19:50:10","guid":{"rendered":"https:\/\/milasimonetti.com.br\/?page_id=264"},"modified":"2024-08-06T17:07:05","modified_gmt":"2024-08-06T20:07:05","slug":"projeto-expo-toro","status":"publish","type":"page","link":"https:\/\/milasimonetti.com.br\/?page_id=264","title":{"rendered":"Projeto Expo Toro"},"content":{"rendered":"\t\t<div data-elementor-type=\"wp-page\" data-elementor-id=\"264\" class=\"elementor elementor-264\" data-elementor-post-type=\"page\">\n\t\t\t\t\t\t<section class=\"elementor-section elementor-top-section elementor-element elementor-element-36c574e elementor-section-boxed elementor-section-height-default elementor-section-height-default wpr-particle-no wpr-jarallax-no wpr-parallax-no wpr-sticky-section-no\" data-id=\"36c574e\" data-element_type=\"section\" data-settings=\"{&quot;background_background&quot;:&quot;classic&quot;}\">\n\t\t\t\t\t\t<div class=\"elementor-container elementor-column-gap-default\">\n\t\t\t\t\t<div class=\"aux-parallax-section elementor-column elementor-col-100 elementor-top-column elementor-element elementor-element-9f5d1de\" data-id=\"9f5d1de\" data-element_type=\"column\">\n\t\t\t<div class=\"elementor-widget-wrap elementor-element-populated\">\n\t\t\t\t\t\t<div class=\"elementor-element elementor-element-da70d75 elementor-widget elementor-widget-heading\" data-id=\"da70d75\" data-element_type=\"widget\" data-widget_type=\"heading.default\">\n\t\t\t\t<div class=\"elementor-widget-container\">\n\t\t\t\t\t<h2 class=\"elementor-heading-title elementor-size-default\">Fotografia para Decora\u00e7\u00e3o - a venda<\/h2>\t\t\t\t<\/div>\n\t\t\t\t<\/div>\n\t\t\t\t<div class=\"elementor-element elementor-element-021d756 elementor-widget elementor-widget-text-editor\" data-id=\"021d756\" data-element_type=\"widget\" data-widget_type=\"text-editor.default\">\n\t\t\t\t<div class=\"elementor-widget-container\">\n\t\t\t\t\t\t\t\t\t<p>Fotografias de paisagem e de natureza para decorar a sua casa! Deixe o ambiente mais agrad\u00e1vel e aconchegante conforme a sua escolha. Impress\u00e3o em Fine Art (Papel Algod\u00e3o com tinta mineral com alta durabilidade e autenticidade das cores) Ou tamb\u00e9m impress\u00e3o em tela Canvas. As fotografias s\u00e3o 100% autorais e se adaptam ao seu projeto! Ser\u00e1 um prazer te apresentar as obras e ajudar a escolher qual ir\u00e1 valorizar um ambiente t\u00e3o importante para voc\u00ea. Para mais informa\u00e7\u00f5es, mande uma mensagem no Whatsapp (12) 98160 9237 Enviamos para todo o Brasil!<\/p>\t\t\t\t\t\t\t\t<\/div>\n\t\t\t\t<\/div>\n\t\t\t\t\t<\/div>\n\t\t<\/div>\n\t\t\t\t\t<\/div>\n\t\t<\/section>\n\t\t\t\t<section class=\"elementor-section elementor-top-section elementor-element elementor-element-b40bd88 elementor-section-boxed elementor-section-height-default elementor-section-height-default wpr-particle-no wpr-jarallax-no wpr-parallax-no wpr-sticky-section-no\" data-id=\"b40bd88\" data-element_type=\"section\" data-settings=\"{&quot;background_background&quot;:&quot;classic&quot;}\">\n\t\t\t\t\t\t<div class=\"elementor-container elementor-column-gap-default\">\n\t\t\t\t\t<div class=\"aux-parallax-section elementor-column elementor-col-100 elementor-top-column elementor-element elementor-element-bb31034\" data-id=\"bb31034\" data-element_type=\"column\">\n\t\t\t<div class=\"elementor-widget-wrap elementor-element-populated\">\n\t\t\t\t\t\t<div class=\"elementor-element elementor-element-27b150f elementor-grid-3 elementor-product-loop-item--align-center elementor-grid-tablet-3 elementor-grid-mobile-2 elementor-products-grid elementor-wc-products elementor-widget elementor-widget-woocommerce-products\" data-id=\"27b150f\" data-element_type=\"widget\" data-widget_type=\"woocommerce-products.default\">\n\t\t\t\t<div class=\"elementor-widget-container\">\n\t\t\t\t\t<div class=\"woocommerce columns-3 \"><ul class=\"products elementor-grid columns-3\">\n<li class=\"product type-product post-263 status-publish first instock product_cat-expo-toro has-post-thumbnail shipping-taxable purchasable product-type-variable aux-remove-view-cart\">\n\t<a href=\"https:\/\/milasimonetti.com.br\/?product=cena-cotidiana-expo-toro-03\" class=\"woocommerce-LoopProduct-link woocommerce-loop-product__link\"><img fetchpriority=\"high\" decoding=\"async\" width=\"300\" height=\"300\" src=\"https:\/\/milasimonetti.com.br\/wp-content\/uploads\/2023\/11\/acervo-mila-simonetti-07-300x300.jpg\" class=\"attachment-woocommerce_thumbnail size-woocommerce_thumbnail\" alt=\"\" srcset=\"https:\/\/milasimonetti.com.br\/wp-content\/uploads\/2023\/11\/acervo-mila-simonetti-07-300x300.jpg 300w, https:\/\/milasimonetti.com.br\/wp-content\/uploads\/2023\/11\/acervo-mila-simonetti-07-150x150.jpg 150w, https:\/\/milasimonetti.com.br\/wp-content\/uploads\/2023\/11\/acervo-mila-simonetti-07-100x100.jpg 100w\" sizes=\"(max-width: 300px) 100vw, 300px\" \/><a href=\"https:\/\/milasimonetti.com.br\/?product=cena-cotidiana-expo-toro-03\"><h2 class=\"woocommerce-loop-product__title\">Cena Cotidiana &#8211; Expo Toro 03<\/h2><\/a>\n\t<span class=\"price\"><span class=\"woocommerce-Price-amount amount\"><bdi><span class=\"woocommerce-Price-currencySymbol\">&#82;&#36;<\/span>9.999,00<\/bdi><\/span><\/span>\n<\/a>\t\t<a id=\"sendbtn\" href=\"https:\/\/web.whatsapp.com\/send?phone=%2B5551+98045-6236&text=Ol%C3%A1%20gostaria%20de%20comprar%20a%20imagem%20acima...%0D%0A%0D%0A%2ACena%20Cotidiana%20-%20Expo%20Toro%2003%2A%0A%2APre%C3%A7o%3A%2A%20R%249.999%2C00%0A%2AURL%3A%2A%20https%3A%2F%2Fmilasimonetti.com.br%2F%3Fproduct%3Dcena-cotidiana-expo-toro-03%0D%0A%0D%0AObrigado%21&app_absent=0\" title=\"Complete order on WhatsApp to buy Cena Cotidiana - Expo Toro 03\" target=\"_blank\" class=\"button add_to_cart_button wa-shop-button product_type_variable\">\r\n\t\t\tComprar via Whats\t\t<\/a>\r\n\t<\/li>\n<li class=\"product type-product post-262 status-publish instock product_cat-expo-toro has-post-thumbnail shipping-taxable purchasable product-type-variable aux-remove-view-cart\">\n\t<a href=\"https:\/\/milasimonetti.com.br\/?product=cena-cotidiana-expo-toro-02\" class=\"woocommerce-LoopProduct-link woocommerce-loop-product__link\"><img decoding=\"async\" width=\"300\" height=\"300\" src=\"https:\/\/milasimonetti.com.br\/wp-content\/uploads\/2023\/11\/acervo-mila-simonetti-08-300x300.jpg\" class=\"attachment-woocommerce_thumbnail size-woocommerce_thumbnail\" alt=\"\" srcset=\"https:\/\/milasimonetti.com.br\/wp-content\/uploads\/2023\/11\/acervo-mila-simonetti-08-300x300.jpg 300w, https:\/\/milasimonetti.com.br\/wp-content\/uploads\/2023\/11\/acervo-mila-simonetti-08-150x150.jpg 150w, https:\/\/milasimonetti.com.br\/wp-content\/uploads\/2023\/11\/acervo-mila-simonetti-08-100x100.jpg 100w\" sizes=\"(max-width: 300px) 100vw, 300px\" \/><a href=\"https:\/\/milasimonetti.com.br\/?product=cena-cotidiana-expo-toro-02\"><h2 class=\"woocommerce-loop-product__title\">Cena Cotidiana &#8211; Expo Toro 02<\/h2><\/a>\n\t<span class=\"price\"><span class=\"woocommerce-Price-amount amount\"><bdi><span class=\"woocommerce-Price-currencySymbol\">&#82;&#36;<\/span>9.999,00<\/bdi><\/span><\/span>\n<\/a>\t\t<a id=\"sendbtn\" href=\"https:\/\/web.whatsapp.com\/send?phone=%2B5551+98045-6236&text=Ol%C3%A1%20gostaria%20de%20comprar%20a%20imagem%20acima...%0D%0A%0D%0A%2ACena%20Cotidiana%20-%20Expo%20Toro%2002%2A%0A%2APre%C3%A7o%3A%2A%20R%249.999%2C00%0A%2AURL%3A%2A%20https%3A%2F%2Fmilasimonetti.com.br%2F%3Fproduct%3Dcena-cotidiana-expo-toro-02%0D%0A%0D%0AObrigado%21&app_absent=0\" title=\"Complete order on WhatsApp to buy Cena Cotidiana - Expo Toro 02\" target=\"_blank\" class=\"button add_to_cart_button wa-shop-button product_type_variable\">\r\n\t\t\tComprar via Whats\t\t<\/a>\r\n\t<\/li>\n<li class=\"product type-product post-261 status-publish last instock product_cat-expo-toro has-post-thumbnail shipping-taxable purchasable product-type-variable aux-remove-view-cart\">\n\t<a href=\"https:\/\/milasimonetti.com.br\/?product=cena-cotidiana-expo-toro-01\" class=\"woocommerce-LoopProduct-link woocommerce-loop-product__link\"><img decoding=\"async\" width=\"300\" height=\"300\" src=\"https:\/\/milasimonetti.com.br\/wp-content\/uploads\/2023\/11\/acervo-mila-simonetti-06-1-300x300.jpg\" class=\"attachment-woocommerce_thumbnail size-woocommerce_thumbnail\" alt=\"\" srcset=\"https:\/\/milasimonetti.com.br\/wp-content\/uploads\/2023\/11\/acervo-mila-simonetti-06-1-300x300.jpg 300w, https:\/\/milasimonetti.com.br\/wp-content\/uploads\/2023\/11\/acervo-mila-simonetti-06-1-150x150.jpg 150w, https:\/\/milasimonetti.com.br\/wp-content\/uploads\/2023\/11\/acervo-mila-simonetti-06-1-100x100.jpg 100w\" sizes=\"(max-width: 300px) 100vw, 300px\" \/><a href=\"https:\/\/milasimonetti.com.br\/?product=cena-cotidiana-expo-toro-01\"><h2 class=\"woocommerce-loop-product__title\">Cena Cotidiana &#8211; Expo Toro 01<\/h2><\/a>\n\t<span class=\"price\"><span class=\"woocommerce-Price-amount amount\"><bdi><span class=\"woocommerce-Price-currencySymbol\">&#82;&#36;<\/span>9.999,00<\/bdi><\/span><\/span>\n<\/a>\t\t<a id=\"sendbtn\" href=\"https:\/\/web.whatsapp.com\/send?phone=%2B5551+98045-6236&text=Ol%C3%A1%20gostaria%20de%20comprar%20a%20imagem%20acima...%0D%0A%0D%0A%2ACena%20Cotidiana%20-%20Expo%20Toro%2001%2A%0A%2APre%C3%A7o%3A%2A%20R%249.999%2C00%0A%2AURL%3A%2A%20https%3A%2F%2Fmilasimonetti.com.br%2F%3Fproduct%3Dcena-cotidiana-expo-toro-01%0D%0A%0D%0AObrigado%21&app_absent=0\" title=\"Complete order on WhatsApp to buy Cena Cotidiana - Expo Toro 01\" target=\"_blank\" class=\"button add_to_cart_button wa-shop-button product_type_variable\">\r\n\t\t\tComprar via Whats\t\t<\/a>\r\n\t<\/li>\n<\/ul>\n<\/div>\t\t\t\t<\/div>\n\t\t\t\t<\/div>\n\t\t\t\t\t<\/div>\n\t\t<\/div>\n\t\t\t\t\t<\/div>\n\t\t<\/section>\n\t\t\t\t<\/div>\n\t\t","protected":false},"excerpt":{"rendered":"<p>Fotografia para Decora\u00e7\u00e3o &#8211; a venda Fotografias de paisagem e de natureza para decorar a sua casa! Deixe o ambiente mais agrad\u00e1vel e aconchegante conforme a sua escolha. Impress\u00e3o em Fine Art (Papel Algod\u00e3o com tinta mineral com alta durabilidade e autenticidade das cores) Ou tamb\u00e9m impress\u00e3o em tela Canvas. As fotografias s\u00e3o 100% autorais e se adaptam ao seu projeto! Ser\u00e1 um prazer te apresentar as obras e ajudar a escolher qual ir\u00e1 valorizar um ambiente t\u00e3o importante para voc\u00ea. Para mais informa\u00e7\u00f5es, mande uma mensagem no Whatsapp (12) 98160 9237 Enviamos para todo o Brasil!<\/p>\n","protected":false},"author":1,"featured_media":0,"parent":0,"menu_order":0,"comment_status":"closed","ping_status":"closed","template":"","meta":{"footnotes":""},"class_list":["post-264","page","type-page","status-publish","hentry"],"_links":{"self":[{"href":"https:\/\/milasimonetti.com.br\/index.php?rest_route=\/wp\/v2\/pages\/264","targetHints":{"allow":["GET"]}}],"collection":[{"href":"https:\/\/milasimonetti.com.br\/index.php?rest_route=\/wp\/v2\/pages"}],"about":[{"href":"https:\/\/milasimonetti.com.br\/index.php?rest_route=\/wp\/v2\/types\/page"}],"author":[{"embeddable":true,"href":"https:\/\/milasimonetti.com.br\/index.php?rest_route=\/wp\/v2\/users\/1"}],"replies":[{"embeddable":true,"href":"https:\/\/milasimonetti.com.br\/index.php?rest_route=%2Fwp%2Fv2%2Fcomments&post=264"}],"version-history":[{"count":10,"href":"https:\/\/milasimonetti.com.br\/index.php?rest_route=\/wp\/v2\/pages\/264\/revisions"}],"predecessor-version":[{"id":456,"href":"https:\/\/milasimonetti.com.br\/index.php?rest_route=\/wp\/v2\/pages\/264\/revisions\/456"}],"wp:attachment":[{"href":"https:\/\/milasimonetti.com.br\/index.php?rest_route=%2Fwp%2Fv2%2Fmedia&parent=264"}],"curies":[{"name":"wp","href":"https:\/\/api.w.org\/{rel}","templated":true}]}}