{"id":256,"date":"2024-07-26T16:30:07","date_gmt":"2024-07-26T19:30:07","guid":{"rendered":"https:\/\/milasimonetti.com.br\/?post_type=product&#038;p=256"},"modified":"2024-11-09T12:13:56","modified_gmt":"2024-11-09T15:13:56","slug":"cena-cotidiana-paraty-em-foco-02","status":"publish","type":"product","link":"https:\/\/milasimonetti.com.br\/?product=cena-cotidiana-paraty-em-foco-02","title":{"rendered":"Cena Cotidiana &#8211; Paraty em Foco 02"},"content":{"rendered":"","protected":false},"excerpt":{"rendered":"<p>Nesta cativante fotografia de Mila Simonetti, vemos um instante de simplicidade e conex\u00e3o cotidiana. Uma embarca\u00e7\u00e3o com pescadores totalmente imersos em seu cotidiano mostrando toda riqueza cultural local.<\/p>\n","protected":false},"featured_media":145,"comment_status":"open","ping_status":"closed","template":"","meta":[],"product_brand":[],"product_cat":[27],"product_tag":[],"class_list":{"0":"post-256","1":"product","2":"type-product","3":"status-publish","4":"has-post-thumbnail","6":"product_cat-paraty-em-foco","8":"first","9":"instock","10":"shipping-taxable","11":"purchasable","12":"product-type-variable"},"_links":{"self":[{"href":"https:\/\/milasimonetti.com.br\/index.php?rest_route=\/wp\/v2\/product\/256","targetHints":{"allow":["GET"]}}],"collection":[{"href":"https:\/\/milasimonetti.com.br\/index.php?rest_route=\/wp\/v2\/product"}],"about":[{"href":"https:\/\/milasimonetti.com.br\/index.php?rest_route=\/wp\/v2\/types\/product"}],"replies":[{"embeddable":true,"href":"https:\/\/milasimonetti.com.br\/index.php?rest_route=%2Fwp%2Fv2%2Fcomments&post=256"}],"wp:featuredmedia":[{"embeddable":true,"href":"https:\/\/milasimonetti.com.br\/index.php?rest_route=\/wp\/v2\/media\/145"}],"wp:attachment":[{"href":"https:\/\/milasimonetti.com.br\/index.php?rest_route=%2Fwp%2Fv2%2Fmedia&parent=256"}],"wp:term":[{"taxonomy":"product_brand","embeddable":true,"href":"https:\/\/milasimonetti.com.br\/index.php?rest_route=%2Fwp%2Fv2%2Fproduct_brand&post=256"},{"taxonomy":"product_cat","embeddable":true,"href":"https:\/\/milasimonetti.com.br\/index.php?rest_route=%2Fwp%2Fv2%2Fproduct_cat&post=256"},{"taxonomy":"product_tag","embeddable":true,"href":"https:\/\/milasimonetti.com.br\/index.php?rest_route=%2Fwp%2Fv2%2Fproduct_tag&post=256"}],"curies":[{"name":"wp","href":"https:\/\/api.w.org\/{rel}","templated":true}]}}