{"id":258,"date":"2024-07-26T16:40:21","date_gmt":"2024-07-26T19:40:21","guid":{"rendered":"https:\/\/milasimonetti.com.br\/?post_type=product&#038;p=258"},"modified":"2024-11-09T11:43:58","modified_gmt":"2024-11-09T14:43:58","slug":"cena-cotidiana-fusao-nomade-01","status":"publish","type":"product","link":"https:\/\/milasimonetti.com.br\/?product=cena-cotidiana-fusao-nomade-01","title":{"rendered":"Cena Cotidiana &#8211; Fus\u00e3o N\u00f4made 01"},"content":{"rendered":"","protected":false},"excerpt":{"rendered":"<p>Nesta cativante fotografia de Mila Simonetti, vemos um instante de simplicidade e conex\u00e3o cotidiana. Fus\u00e3o N\u00f4made um projeto visual buscando a complexa suavidade do cotidiano.<\/p>\n","protected":false},"featured_media":137,"comment_status":"open","ping_status":"closed","template":"","meta":[],"product_brand":[],"product_cat":[28],"product_tag":[],"class_list":{"0":"post-258","1":"product","2":"type-product","3":"status-publish","4":"has-post-thumbnail","6":"product_cat-fusao-nomade","8":"first","9":"instock","10":"shipping-taxable","11":"purchasable","12":"product-type-variable"},"_links":{"self":[{"href":"https:\/\/milasimonetti.com.br\/index.php?rest_route=\/wp\/v2\/product\/258","targetHints":{"allow":["GET"]}}],"collection":[{"href":"https:\/\/milasimonetti.com.br\/index.php?rest_route=\/wp\/v2\/product"}],"about":[{"href":"https:\/\/milasimonetti.com.br\/index.php?rest_route=\/wp\/v2\/types\/product"}],"replies":[{"embeddable":true,"href":"https:\/\/milasimonetti.com.br\/index.php?rest_route=%2Fwp%2Fv2%2Fcomments&post=258"}],"wp:featuredmedia":[{"embeddable":true,"href":"https:\/\/milasimonetti.com.br\/index.php?rest_route=\/wp\/v2\/media\/137"}],"wp:attachment":[{"href":"https:\/\/milasimonetti.com.br\/index.php?rest_route=%2Fwp%2Fv2%2Fmedia&parent=258"}],"wp:term":[{"taxonomy":"product_brand","embeddable":true,"href":"https:\/\/milasimonetti.com.br\/index.php?rest_route=%2Fwp%2Fv2%2Fproduct_brand&post=258"},{"taxonomy":"product_cat","embeddable":true,"href":"https:\/\/milasimonetti.com.br\/index.php?rest_route=%2Fwp%2Fv2%2Fproduct_cat&post=258"},{"taxonomy":"product_tag","embeddable":true,"href":"https:\/\/milasimonetti.com.br\/index.php?rest_route=%2Fwp%2Fv2%2Fproduct_tag&post=258"}],"curies":[{"name":"wp","href":"https:\/\/api.w.org\/{rel}","templated":true}]}}